{"id":91,"date":"2013-01-16T09:01:05","date_gmt":"2013-01-16T08:01:05","guid":{"rendered":"http:\/\/www.monicamontella.it\/wordpress\/?page_id=91"},"modified":"2025-03-16T18:33:20","modified_gmt":"2025-03-16T17:33:20","slug":"biografia","status":"publish","type":"page","link":"https:\/\/www.monicamontella.it\/wordpress\/biografia\/","title":{"rendered":"Biografia"},"content":{"rendered":"<p><img loading=\"lazy\" decoding=\"async\" class=\"\" src=\"http:\/\/www.monicamontella.it\/wordpress\/wp-content\/uploads\/2018\/08\/Immagineconsigliera.jpg\" width=\"153\" height=\"175\" \/><\/p>\n<ul style=\"list-style-type: square;\">\n<li>Email privata: <span style=\"color: #ff0000;\"><strong>montella.monica@gmail.com<\/strong><\/span><\/li>\n<li>Email istituzionale: <strong><span style=\"color: #ff0000;\">montella@istat.it<\/span><\/strong><\/li>\n<\/ul>\n<p>Profilo <strong><span style=\"color: #0000ff;\"><a href=\"https:\/\/www.facebook.com\/monica.montella\" target=\"_blank\" rel=\"noopener noreferrer\"><span style=\"color: #0000ff;\">FACEBOOK<\/span><\/a><\/span><\/strong><br \/>Profilo <strong><span style=\"color: #0000ff;\"><a href=\"https:\/\/twitter.com\/montellamonica\" target=\"_blank\" rel=\"noopener noreferrer\"><span style=\"color: #0000ff;\">Twitter<\/span><\/a><\/span><\/strong><br \/>Profilo\u00a0<strong><a href=\"https:\/\/plus.google.com\/u\/0\/113109452777743875476\/posts\" target=\"_blank\" rel=\"noopener noreferrer\"><span style=\"color: #0000ff;\">Google+<\/span><\/a>\u00a0<a href=\"http:\/\/scholar.google.it\/citations?user=bQyevJ8AAAAJ&amp;hl=it\" target=\"_blank\" rel=\"noopener noreferrer\"><span style=\"color: #0000ff;\">Google Scholar<\/span><\/a><\/strong><br \/>Profilo <span style=\"color: #0000ff;\"><strong><a href=\"https:\/\/www.linkedin.com\/profile\/view?id=213080764&amp;trk=nav_responsive_tab_profile_pic\" target=\"_blank\" rel=\"noopener noreferrer\"><span style=\"color: #0000ff;\">Linkedin<\/span><\/a><\/strong><\/span><\/p>\n<p>Profilo: <span style=\"color: #0000ff;\"><strong><a href=\"https:\/\/uniroma.academia.edu\/MonicaMontella\" target=\"_blank\" rel=\"noopener noreferrer\"><span style=\"color: #0000ff;\">Accademia.edu<\/span><\/a><\/strong><\/span><\/p>\n<p>Sono nata a Napoli, il 9 luglio 1967, nel pieno del boom economico italiano. Mio padre, pur non avendo avuto l&#8217;opportunit\u00e0 di studiare in giovent\u00f9, ha seguito con determinazione un corso universitario presso la Federico II, diventando un eccellente podologo, come lo definivano i suoi clienti. Ricordo con orgoglio le visite al suo studio in via Toledo, nel cuore pulsante della Napoli antica e commerciale, dove alleviava le sofferenze di tante persone.<\/p>\n<p>Mia madre ha dedicato la sua vita alla famiglia, crescendo con amore e dedizione me, mia sorella e mio fratello, pi\u00f9 grandi di me di sei e cinque anni. Essendo la pi\u00f9 giovane, ho potuto beneficiare dell\u2019indipendenza che loro avevano gi\u00e0 conquistato, trovando una strada gi\u00e0 parzialmente spianata. Sono cresciuta ai Colli Aminei, un quartiere collinare vicino al Vomero, e ho frequentato le scuole elementari &#8220;Mameli Zuppetta&#8221; e la scuola media &#8220;Salvemini&#8221;.<\/p>\n<p>Per la scuola superiore ho scelto il Rione Alto, nei pressi dell\u2019Ospedale Cardarelli, diplomandomi in ragioneria e analista contabile. Successivamente, mi sono iscritta alla Facolt\u00e0 di Scienze Politiche presso l\u2019Universit\u00e0 di Napoli &#8220;Federico II&#8221;, con indirizzo politico-economico. Nel 1993, all\u2019et\u00e0 di 26 anni, mi sono laureata con una tesi in Geografia politica ed economica dal titolo &#8220;<em>Fuorigrotta \u2013 Analisi di cartografia tematica su alcuni caratteri della struttura socio-economica a livello di microaree urbane<\/em>&#8220;. Per amore mi sono trasferita a Roma, dove ha avuto inizio il mio percorso professionale.<\/p>\n<p>Il mio primo impiego \u00e8 stato all&#8217;Istat come stagista, e da l\u00ec ha preso il via la <a href=\"http:\/\/www.monicamontella.it\/wordpress\/?p=101\"><strong><span style=\"color: #ff0000;\">mia carriera<\/span><\/strong><\/a> istituzionale. Ho superato un concorso pubblico come ricercatrice e oggi sono prima ricercatrice, esperta di contabilit\u00e0 nazionale, analisi economica e di finanza pubblica.<\/p>\n<p style=\"text-align: left;\">Mi piacerebbe avere pi\u00f9 tempo per l&#8217;attivit\u00e0 fisica e amo molto cucinare.<\/p>\n<p style=\"text-align: left;\">Credo fortemente in una redistribuzione equa del reddito, attraverso una riforma strutturata del <strong><span style=\"color: #ff0000;\"><a style=\"color: #ff0000;\" href=\"http:\/\/www.monicamontella.it\/wordpress\/?p=5438\">sistema fiscale<\/a><\/span><\/strong>, sia in termini di imposizione diretta e indiretta, sia mediante trasferimenti in natura alle famiglie. Ritengo fondamentale valorizzare il patrimonio pubblico a favore dei cittadini pi\u00f9 svantaggiati e migliorare la qualit\u00e0 della spesa pubblica con un approccio sensibile alla sostenibilit\u00e0 ambientale. Combatterei l\u2019evasione fiscale con misure strutturali e non con interventi estemporanei.<br \/>Per rilanciare l\u2019economia in modo sostenibile, accompagnato da innovazione tecnologica, punterei a far tornare in Italia i nostri migliori talenti e investirei maggiormente sui giovani, selezionando le menti pi\u00f9 brillanti e competenti. L\u2019Italia ha un patrimonio culturale, sociale e ambientale straordinario, che purtroppo non viene adeguatamente valorizzato. Il mio sogno \u00e8 trasformare il nostro Paese in un centro di eccellenza per la cultura e la pace.<\/p>\n<p style=\"text-align: left;\"><strong> Infine come uscire dalla schiavit\u00f9 del debito pubblico?<\/strong><\/p>\n<p style=\"text-align: left;\">Un tema cruciale \u00e8 il debito pubblico. Sebbene il governo abbia posto attenzione alla lotta all\u2019evasione fiscale, la capacit\u00e0 di riscossione rimane sottovalutata. L\u2019efficienza del sistema fiscale \u00e8 ancora bassa e costosa per i contribuenti.<\/p>\n<p>&#8212;&#8212;&#8212;&#8212;&#8212;&#8212;&#8212;&#8212;&#8212;&#8212;&#8212;&#8212;&#8212;&#8212;&#8212;&#8212;&#8212;&#8212;&#8212;&#8212;&#8212;&#8212;&#8212;&#8212;&#8212;&#8212;&#8212;&#8212;&#8212;&#8212;&#8212;&#8212;&#8212;&#8212;&#8212;&#8212;&#8212;&#8212;&#8212;&#8212;&#8212;<\/p>\n<div class=\"l7ghb35v kjdc1dyq kmwttqpk gh25dzvf jikcssrz n3t5jt4f\">\n<div dir=\"auto\">Esempio: i residui attivi al 31 dicembre 2018 sono stati complessivamente 203.9 miliardi di euro ma quelli riaccertati dal 2011 sono stati<strong> 810 miliardi di euro<\/strong>, per maggiori o minori entrate e cumulativamente sono stati cancellati<strong> 523 miliardi di euro<\/strong>.<\/div>\n<\/div>\n<div class=\"l7ghb35v kjdc1dyq kmwttqpk gh25dzvf jikcssrz n3t5jt4f\">\n<div dir=\"auto\">I residui attivi, vengono mantenuti in bilancio fino a quando non vengono riconosciuti di dubbia o difficile esazione, in questo caso passano al patrimonio dello Stato e vengono iscritti nei registri contabili del demanio, che provveder\u00e0 agli ultimi tentativi di riscossione (vedi anche <strong><span style=\"color: #0000ff;\"><a style=\"color: #0000ff;\" href=\"https:\/\/www.rgs.mef.gov.it\/_Documenti\/VERSIONE-I\/Selezione_normativa\/R-D-\/RD23.05.24.pdf?fbclid=IwAR06jkFBwn97My6KwTPL9c4EAbDgvU3bnnTXEKKc783mIq1O9zxZRARjk30\">l\u2019art. 264 del regio decreto 827\/1924<\/a><\/span><\/strong>). <strong>Poi vengono cancellati<\/strong>!<\/div>\n<div dir=\"auto\">&#8212;&#8212;&#8212;&#8212;&#8212;&#8212;&#8212;&#8212;&#8212;&#8212;&#8212;&#8212;&#8212;&#8212;&#8212;&#8212;&#8212;&#8212;&#8212;&#8212;&#8212;&#8212;&#8212;&#8212;&#8212;&#8212;&#8212;&#8212;&#8212;&#8212;&#8212;&#8212;&#8212;&#8212;&#8212;&#8212;&#8212;&#8212;&#8212;&#8212;&#8212;&#8212;<\/div>\n<div dir=\"auto\">\u00a0<\/div>\n<\/div>\n<p style=\"text-align: left;\"><span class=\"gvxzyvdx aeinzg81 t7p7dqev gh25dzvf exr7barw b6ax4al1 gem102v4 ncib64c9 mrvwc6qr sx8pxkcf f597kf1v cpcgwwas m2nijcs8 hxfwr5lz k1z55t6l oog5qr5w tes86rjd pbevjfx6 ztn2w49o\" dir=\"auto\">Troppo spesso il bilancio dello Stato viene gonfiato con <a href=\"https:\/\/www.monicamontella.it\/wordpress\/wp-content\/uploads\/2020\/04\/entrate-4.png\"><span style=\"color: #ff0000;\"><strong><span style=\"color: #ff0000;\">entrate che non saranno mai effettivamente riscosse<\/span><\/strong><\/span><\/a>, confermando l\u2019inefficienza del sistema. L\u2019inesigibilit\u00e0 dei crediti, le prescrizioni, i condoni fiscali sono fenomeni con nomi, cognomi e indirizzi ben precisi. <\/span>Mettiamo fine a questo sistema implicito di corruzione!<\/p>\n<p style=\"text-align: left;\"><span class=\"gvxzyvdx aeinzg81 t7p7dqev gh25dzvf exr7barw b6ax4al1 gem102v4 ncib64c9 mrvwc6qr sx8pxkcf f597kf1v cpcgwwas m2nijcs8 hxfwr5lz k1z55t6l oog5qr5w tes86rjd pbevjfx6 ztn2w49o\" dir=\"auto\">Servirebbe un controllo attento su tutte le variabili economiche, segnalando tempestivamente gli interventi necessari.<\/span><\/p>\n<p style=\"text-align: left;\"><span class=\"gvxzyvdx aeinzg81 t7p7dqev gh25dzvf exr7barw b6ax4al1 gem102v4 ncib64c9 mrvwc6qr sx8pxkcf f597kf1v cpcgwwas m2nijcs8 hxfwr5lz k1z55t6l oog5qr5w tes86rjd pbevjfx6 ztn2w49o\" dir=\"auto\">Ritengo fondamentale focalizzare l&#8217;attenzione sul bilancio armonizzato anche per gli enti centrali (MINISTERI), al fine di completare l&#8217;armonizzazione contabile del comparto pubblico. L&#8217;introduzione del principio della competenza a scadenza (competenza finanziaria potenziata), che sostituisce il principio della competenza giuridica, rappresenta un passo importante per contrastare strutturalmente l&#8217;inefficienza nella gestione pubblica. Inoltre, questa modifica potrebbe garantire un monitoraggio pi\u00f9 efficace delle <strong><span style=\"color: #ff0000;\"><a style=\"color: #ff0000;\" href=\"https:\/\/www.monicamontella.it\/wordpress\/2020\/04\/30\/una-fotografia-delle-entrate-pubbliche\/?fbclid=IwAR0smU3hO1VykEqr6yLtJ0UfrpK_7P4Z3axNNqXTmclE7YiEixzZn9xQox8\">entrate<\/a><\/span><\/strong>, migliorando cos\u00ec la trasparenza e la gestione delle<span style=\"color: #000000;\"> risorse pubbliche.<\/span> <br \/><\/span><\/p>\n<p>Se introdurremo un <strong><a href=\"http:\/\/www.monicamontella.it\/wordpress\/?p=651\" target=\"_blank\" rel=\"noopener noreferrer\"><span style=\"color: #ff0000;\">sistema di monitoraggio trimestrale<\/span><\/a><\/strong>, con una <span style=\"color: #ff0000;\"><strong><a style=\"color: #ff0000;\" href=\"http:\/\/www.monicamontella.it\/wordpress\/?p=900\" target=\"_blank\" rel=\"noopener noreferrer\">soglia di sostenibilit\u00e0 sul debito pubblico<\/a><\/strong><\/span> come indicatore chiave, avremmo la possibilit\u00e0 di monitorare in tempo reale se la gestione delle risorse pubbliche \u00e8 sostenibile o se ci sono rischi di <a href=\"http:\/\/www.monicamontella.it\/wordpress\/?p=5288\"><strong><span style=\"color: #ff0000;\">sperpero<\/span><\/strong><\/a> di soldi pubblici. Questo approccio consentirebbe di rilevare tempestivamente eventuali squilibri economici e di intervenire in modo mirato, monitorando costantemente una serie di <a href=\"http:\/\/www.monicamontella.it\/wordpress\/?p=1078\"><strong><span style=\"color: #ff0000;\">variabili cruciali<\/span><\/strong><\/a> per la politica economica del Paese. Un sistema di questo tipo, infatti, offrirebbe una visione chiara sulla salute delle finanze pubbliche, favorendo decisioni pi\u00f9 responsabili e trasparenti da parte dei governi.<\/p>\n<p style=\"text-align: left;\">Nel tempo abbiamo affrontato fenomeni critici come alta inflazione, elevati tassi d\u2019interesse, bassa produttivit\u00e0 ed eccessiva spesa pubblica inefficiente, con un conseguente aumento del debito. Mentre la politica monetaria \u00e8 ormai gestita a livello europeo dalla BCE e il <strong><span style=\"color: #ff0000;\"><a style=\"color: #ff0000;\" href=\"http:\/\/www.monicamontella.it\/wordpress\/?p=533\">pareggio di bilancio<\/a><\/span><\/strong> \u00e8 stato introdotto in Costituzione, il problema di fondo resta: chi ha causato il danno continua a gestire la cosa pubblica. Finch\u00e9 la classe politica responsabile dei problemi rimarr\u00e0 al potere, non ci saranno soluzioni reali.<\/p>\n<p style=\"text-align: left;\">Vorrei contribuire a fare attivit\u00e0 politica in modo diverso, non da cittadina passiva che subisce le decisioni, ma da attivista pronta a contrastare la corruzione diffusa a ogni livello. Oggi Internet offre a tutti la possibilit\u00e0 di partecipare attivamente al cambiamento. Credo in una politica fatta di fatti, non di parole vuote come nei talk show.<\/p>\n<p>Dobbiamo dimostrare con azioni concrete che il cambiamento \u00e8 possibile. Un gruppo unito di cittadini ha il potere di agire per trasformare la societ\u00e0.<br \/>Non accetto pi\u00f9 la rassegnazione di chi dice: &#8220;<em>Non cambier\u00e0 mai nulla, chiunque arriva al potere diventa come gli altri<\/em>&#8220;.<br \/>Rifiuto questa logica! Non siamo tutti uguali!<br \/>Ci sono tanti cittadini attivi che vogliono cambiare l\u2019Italia, come me. Insieme possiamo farcela. Basta crederci.<br \/>Consulta anche <a href=\"https:\/\/www.monicamontella.it\/wordpress\/chi-siamo-2\/\"><strong><span style=\"color: #ff0000;\">Chi sono<\/span><\/strong><\/a><\/p>\n<h3>FEDINA PENALE<\/h3>\n<p>Nessuna trascrizione sul <span style=\"color: #ff0000;\"><strong><a style=\"color: #ff0000;\" href=\"https:\/\/www.monicamontella.it\/wordpress\/wp-content\/uploads\/2020\/06\/Montella-certificato-del-casellario-giudiziario.pdf\">casellario giudiziario<\/a><\/strong><\/span>, e<strong> <a href=\"https:\/\/www.monicamontella.it\/wordpress\/wp-content\/uploads\/2020\/06\/Montella-certificato-carichi-pendenti.pdf\"><span style=\"color: #ff0000;\">carichi pendenti<\/span><\/a>,<\/strong> nessun patteggiamento.<\/p>\n\n\n\n\n\n\n\n","protected":false},"excerpt":{"rendered":"<p>Email privata: montella.monica@gmail.com Email istituzionale: montella@istat.it Profilo FACEBOOKProfilo TwitterProfilo\u00a0Google+\u00a0Google ScholarProfilo Linkedin Profilo: Accademia.edu Sono nata a Napoli, il 9 luglio 1967, nel pieno del boom economico italiano. Mio padre, pur non avendo avuto l&#8217;opportunit\u00e0 di studiare in giovent\u00f9, ha seguito con determinazione un corso universitario presso la Federico II, diventando un eccellente podologo, come lo [&hellip;]<\/p>\n","protected":false},"author":2,"featured_media":0,"parent":0,"menu_order":0,"comment_status":"open","ping_status":"closed","template":"","meta":{"footnotes":""},"class_list":["post-91","page","type-page","status-publish","hentry"],"_links":{"self":[{"href":"https:\/\/www.monicamontella.it\/wordpress\/wp-json\/wp\/v2\/pages\/91","targetHints":{"allow":["GET"]}}],"collection":[{"href":"https:\/\/www.monicamontella.it\/wordpress\/wp-json\/wp\/v2\/pages"}],"about":[{"href":"https:\/\/www.monicamontella.it\/wordpress\/wp-json\/wp\/v2\/types\/page"}],"author":[{"embeddable":true,"href":"https:\/\/www.monicamontella.it\/wordpress\/wp-json\/wp\/v2\/users\/2"}],"replies":[{"embeddable":true,"href":"https:\/\/www.monicamontella.it\/wordpress\/wp-json\/wp\/v2\/comments?post=91"}],"version-history":[{"count":29,"href":"https:\/\/www.monicamontella.it\/wordpress\/wp-json\/wp\/v2\/pages\/91\/revisions"}],"predecessor-version":[{"id":20677,"href":"https:\/\/www.monicamontella.it\/wordpress\/wp-json\/wp\/v2\/pages\/91\/revisions\/20677"}],"wp:attachment":[{"href":"https:\/\/www.monicamontella.it\/wordpress\/wp-json\/wp\/v2\/media?parent=91"}],"curies":[{"name":"wp","href":"https:\/\/api.w.org\/{rel}","templated":true}]}}