{"id":7,"date":"2012-12-30T19:24:38","date_gmt":"2012-12-30T18:24:38","guid":{"rendered":"http:\/\/www.monicamontella.it\/wordpress\/?page_id=7"},"modified":"2025-02-07T16:24:27","modified_gmt":"2025-02-07T15:24:27","slug":"chi-siamo-2","status":"publish","type":"page","link":"https:\/\/www.monicamontella.it\/wordpress\/chi-siamo-2\/","title":{"rendered":"Chi Sono"},"content":{"rendered":"<ul>\n<li><a href=\"https:\/\/www.monicamontella.it\/wordpress\/chi-siamo-2\/impegni\/\"><span style=\"color: #ff0000;\"><strong><span style=\"color: #ff0000;\">Attivismo sociale<\/span><\/strong><\/span><\/a><\/li>\n<li><span style=\"color: #ff0000;\"><strong><a style=\"color: #ff0000;\" href=\"https:\/\/www.monicamontella.it\/wordpress\/chi-siamo-2\/impegni\/\">Attivit\u00e0 politica<\/a><\/strong><\/span><\/li>\n<li><a href=\"https:\/\/www.monicamontella.it\/wordpress\/attivita-per-italia-dei-valori\/\"><strong><span style=\"color: #ff0000;\">Atti politici prodotti<\/span><\/strong><\/a><\/li>\n<\/ul>\n<p>Attualmente ricopro il ruolo di Prima Ricercatrice di II livello professionale presso la Direzione Centrale di Contabilit\u00e0 Nazionale dell<span style=\"color: #ff0000;\">\u2019<strong><a style=\"color: #ff0000;\" href=\"http:\/\/www.istat.it\/it\/\" target=\"_blank\" rel=\"noopener\">Istituto Nazionale di Statistica (ISTAT<\/a>)<\/strong><\/span>. Dal 2019, partecipo attivamente all&#8217;iniziativa ID 672 CE, assumendo mansioni di coordinamento statistico e rappresentanza istituzionale all&#8217;interno della Direzione Centrale di Contabilit\u00e0 Nazionale (DCCN). Mi sono laureata in Scienze Politiche presso l&#8217;Universit\u00e0 <span style=\"color: #ff0000;\"><strong><a style=\"color: #ff0000;\" href=\"http:\/\/www.scienzepolitiche.unina.it:19650\/facolta\/pubNews\/home.do?codFacolta=04\" target=\"_blank\" rel=\"noopener\">FEDERICO II di Napoli<\/a><\/strong>.<\/span><\/p>\n<p style=\"text-align: justify;\">Sono stata iscritta al <strong><span style=\"color: #ff0000;\"><a style=\"color: #ff0000;\" href=\"https:\/\/www.monicamontella.it\/wordpress\/wp-content\/uploads\/2013\/01\/blog.png\">movimento cinque stelle nazionale<\/a><\/span><\/strong>, ho avuto come obiettivo quello di armonizzare<span style=\"color: #ff0000;\"><strong> <a style=\"color: #ff0000;\" href=\"https:\/\/www.monicamontella.it\/wordpress\/wp-content\/uploads\/2020\/04\/meetup.png\">i vari gruppi di attivisti di tutta Italia<\/a><\/strong><\/span> per lavorare in maniera organizzata per temi e contribuire alle varie discussioni.<\/p>\n<p>La scintilla della partecipazione attiva sul territorio \u00e8 scattata in modo del tutto inaspettato, tra le tante email quotidiane della newsletter di Beppe Grillo. Una di queste, per\u00f2, ha avuto un impatto particolare sulla mia coscienza. In quella mail, Beppe chiedeva aiuto, ma non in modo convenzionale. C&#8217;era una profondit\u00e0 che mi ha toccato, un\u2019espressione sincera e disarmata che ricordo molto bene: &#8220;<em>mia moglie mi dice di lasciar perdere, che non ci sono speranze per cambiare questo paese\u2026 che devo fare\u2026 ditemi voi che devo fare<\/em>&#8220;.<\/p>\n<p>Quella frase mi ha scosso e mi ha fatto riflettere. In quel momento ho pensato: &#8220;Perch\u00e9 non proviamo a cambiare insieme questo paese?&#8221;. Quel uomo, che ho visto lottare contro le lobby e i soprusi, mi \u00e8 sembrato credibile e onesto. Ho deciso allora di dargli fiducia, completamente, senza remore n\u00e9 dubbi. Vi assicuro che quando si d\u00e0 fiducia a qualcuno, si fa con tutto il cuore, senza\u00a0esitazioni.<\/p>\n<p>Nel 2011, ho iniziato la mia attivit\u00e0 politica come <span style=\"color: #ff0000;\"><a style=\"color: #ff0000;\" href=\"https:\/\/www.monicamontella.it\/wordpress\/chi-siamo-2\/impegni\/\"><strong><span style=\"color: #ff0000;\">cittadina 2.0 in movimento<\/span><\/strong><\/a>,<\/span> attivamente coinvolta nel movimento. Abbiamo ottenuto una percentuale altissima di consensi e, insieme, siamo riusciti a governare questo paese. So che nel mio piccolo ho contribuito anche io a questo miracolo. Credo fermamente che sia fondamentale concentrarsi su progetti e temi concreti, mettendo da parte ideologie politiche e religioni che spesso separano e dividono. Se riusciremo a fare politica puntando su battaglie specifiche, avremo vinto tutti insieme.<\/p>\n<p>Un individuo da solo \u00e8 nulla, ma un gruppo di individui \u00e8 la forza del cambiamento. Insieme possiamo\u00a0cambiare.<\/p>\n<p>Eletta <span style=\"color: #ff0000;\"><strong><a style=\"color: #ff0000;\" href=\"https:\/\/www.monicamontella.it\/wordpress\/chi-siamo-2\/impegni\/attivita-consigliera-capitolina\/\">Consigliera Capitolina nel 2016<\/a><\/strong><\/span>, ho ricoperto diversi incarichi all&#8217;interno delle commissioni capitoline (<span style=\"color: #ff0000;\"><strong><a style=\"color: #ff0000;\" href=\"https:\/\/www.comune.roma.it\/servizi2\/deliberazioniAttiWeb\/home\">consulta i verbali delle Commissioni Capitoline per ulteriori dettagli<\/a><\/strong><\/span>), contribuendo attivamente all&#8217;elaborazione e al controllo delle politiche locali. In particolare, sono stata:<\/p>\n<ul>\n<li><strong>Vice presidente e Membro<\/strong> della <strong>Commissione Capitolina Permanente I<\/strong> (Bilancio, Politiche Economiche e Finanziarie)<\/li>\n<li><strong>Membro<\/strong> della <strong>Commissione Capitolina Permanente VI<\/strong> (Cultura, Politiche Giovanili e Lavoro)<\/li>\n<li><strong>Membro<\/strong> della <strong>Commissione Capitolina Permanente XII<\/strong> (Turismo, Moda e Relazioni Internazionali)<\/li>\n<li><strong>Vicepresidente Vicario<\/strong> della <strong>Commissione Speciale Controllo, Garanzia e Trasparenza<\/strong><\/li>\n<li><strong>Membro<\/strong> della <strong>Commissione Elettorale<\/strong><\/li>\n<\/ul>\n<p>Ho creduto in modo profondo nel progetto politico di Grillo, mi sono impegnata, ho lottato. Ma col tempo, mi sono resa conto che qualcosa non andava come doveva. Sono emersi i primi problemi, le incomprensioni, gli attriti politici. Il Movimento si stava muovendo in una direzione molto distante da quella delle sue origini.<\/p>\n<p>Alla fine, le nostre strade si sono separate, culminando con la mia <span style=\"color: #ff0000;\"><strong><a style=\"color: #ff0000;\" href=\"https:\/\/www.monicamontella.it\/wordpress\/2020\/05\/24\/memoria-difensiva-consigliera-capitolina-monica-montella\/\">espulsione dal Movimento<\/a><\/strong><\/span>, avvenuta con una lettera del <strong><a href=\"https:\/\/www.monicamontella.it\/wordpress\/wp-content\/uploads\/2020\/05\/A-Montella-delibera-27-gennaio-2021.pdf\"><span style=\"color: #ff0000;\">reggente Vito Crimi<\/span><\/a><\/strong> nel febbraio del 2021. Non ho mai condiviso questa decisione; \u00e8 stata una grande delusione. Tuttavia, nonostante ci\u00f2, mi \u00e8 rimasta la soddisfazione per tutto quello che ho fatto, sia a livello politico che sul territorio, <strong><a href=\"https:\/\/www.monicamontella.it\/wordpress\/consigliera\/\"><span style=\"color: #ff0000;\">all\u2019interno del Campidoglio<\/span><\/a><\/strong>.<\/p>\n<p>Dopo dieci anni di militanza nel movimento e una significativa esperienza come <strong><a href=\"https:\/\/www.monicamontella.it\/wordpress\/consigliera\/\"><span style=\"color: #ff0000;\">Consigliera Capitolina<\/span><\/a><\/strong> in Campidoglio, ho deciso, alla fine del mio mandato nel 2021, di aderire al partito <strong><a href=\"https:\/\/www.monicamontella.it\/wordpress\/attivita-per-italia-dei-valori\/\"><span style=\"color: #ff0000;\">Italia dei Valori<\/span><\/a><\/strong>, ricoprendo il ruolo di capogruppo. Italia dei Valori \u00e8 stato un partito con una storia rilevante, fondato da un ex magistrato, che ha avuto il coraggio e la determinazione di combattere un sistema di potere politico nazionale corrotto. In questo percorso mi sono ritrovata nelle<strong><span style=\"color: #ff0000;\"><a style=\"color: #ff0000;\" href=\"https:\/\/www.monicamontella.it\/wordpress\/chi-siamo-2\/impegni\/le-mie-battaglie-per-la-legalita\/\"> battaglie per la legalit\u00e0<\/a><\/span><\/strong>, che ho sempre portato avanti con determinazione e a testa alta.<\/p>\n<p><strong>A COMBATTERE SEMPRE PER LA LEGALITA&#8217; E LA TRASPARENZA<br \/>\n<\/strong><\/p>\n<ol>\n<li><span style=\"color: #0000ff;\"><strong><a href=\"http:\/\/www.monicamontella.it\/wordpress\/chi-siamo-2\/impegni\/\" target=\"_blank\" rel=\"noopener\"><span style=\"color: #0000ff;\">Attivit\u00e0 Movimento 5 stelle<\/span><\/a><\/strong><\/span><\/li>\n<li><strong><span style=\"color: #0000ff;\"><a style=\"color: #0000ff;\" href=\"https:\/\/www.monicamontella.it\/wordpress\/attivita-per-italia-dei-valori\/\">Attivit\u00e0 per Italia dei Valori<\/a><\/span><\/strong><\/li>\n<li><strong><span style=\"color: #0000ff;\"><a href=\"http:\/\/www.monicamontella.it\/wordpress\/chi-siamo-2\/curriculum\/\" target=\"_blank\" rel=\"noopener\"><span style=\"color: #0000ff;\">Curriculum vitae<\/span><\/a><\/span><\/strong><\/li>\n<li><strong><span style=\"color: #ff0000;\"><a style=\"color: #ff0000;\" href=\"https:\/\/www.monicamontella.it\/wordpress\/chi-siamo-2\/impegni\/le-mie-battaglie-per-la-legalita\/\">Le mie battaglie per la legalit\u00e0 e la trasparenza<\/a><\/span><\/strong><\/li>\n<\/ol>\n<p style=\"text-align: justify;\">\n","protected":false},"excerpt":{"rendered":"<p>Attivismo sociale Attivit\u00e0 politica Atti politici prodotti Attualmente ricopro il ruolo di Prima Ricercatrice di II livello professionale presso la Direzione Centrale di Contabilit\u00e0 Nazionale dell\u2019Istituto Nazionale di Statistica (ISTAT). Dal 2019, partecipo attivamente all&#8217;iniziativa ID 672 CE, assumendo mansioni di coordinamento statistico e rappresentanza istituzionale all&#8217;interno della Direzione Centrale di Contabilit\u00e0 Nazionale (DCCN). Mi [&hellip;]<\/p>\n","protected":false},"author":1,"featured_media":0,"parent":0,"menu_order":0,"comment_status":"closed","ping_status":"closed","template":"","meta":{"footnotes":""},"class_list":["post-7","page","type-page","status-publish","hentry"],"_links":{"self":[{"href":"https:\/\/www.monicamontella.it\/wordpress\/wp-json\/wp\/v2\/pages\/7","targetHints":{"allow":["GET"]}}],"collection":[{"href":"https:\/\/www.monicamontella.it\/wordpress\/wp-json\/wp\/v2\/pages"}],"about":[{"href":"https:\/\/www.monicamontella.it\/wordpress\/wp-json\/wp\/v2\/types\/page"}],"author":[{"embeddable":true,"href":"https:\/\/www.monicamontella.it\/wordpress\/wp-json\/wp\/v2\/users\/1"}],"replies":[{"embeddable":true,"href":"https:\/\/www.monicamontella.it\/wordpress\/wp-json\/wp\/v2\/comments?post=7"}],"version-history":[{"count":53,"href":"https:\/\/www.monicamontella.it\/wordpress\/wp-json\/wp\/v2\/pages\/7\/revisions"}],"predecessor-version":[{"id":20678,"href":"https:\/\/www.monicamontella.it\/wordpress\/wp-json\/wp\/v2\/pages\/7\/revisions\/20678"}],"wp:attachment":[{"href":"https:\/\/www.monicamontella.it\/wordpress\/wp-json\/wp\/v2\/media?parent=7"}],"curies":[{"name":"wp","href":"https:\/\/api.w.org\/{rel}","templated":true}]}}