{"id":44,"date":"2013-01-06T21:00:03","date_gmt":"2013-01-06T20:00:03","guid":{"rendered":"http:\/\/www.monicamontella.it\/wordpress\/?page_id=44"},"modified":"2025-12-20T10:16:44","modified_gmt":"2025-12-20T09:16:44","slug":"impegni","status":"publish","type":"page","link":"https:\/\/www.monicamontella.it\/wordpress\/chi-siamo-2\/impegni\/","title":{"rendered":"Attivit\u00e0 politica e civica"},"content":{"rendered":"<h3><strong>PARTECIPAZIONE CIVICA<br \/><\/strong><\/h3>\n<p><strong><span style=\"color: #ff0000;\"><a style=\"color: #ff0000;\" href=\"https:\/\/www.monicamontella.it\/wordpress\/chi-siamo-2\/impegni\/2023-attivismo-associazione-schierarsi\/\">2023 &#8211; 2024 &#8211; Partecipazione Associazione Schierarsi<\/a><\/span><\/strong><\/p>\n<h3 style=\"text-align: justify;\"><strong>IMPEGNO CIVICO<br \/><\/strong><\/h3>\n<div><strong><a href=\"http:\/\/www.monicamontella.it\/wordpress\/chi-siamo-2\/impegni\/attivita-per-il-cittadino\/\" target=\"_blank\" rel=\"noopener noreferrer\"><span style=\"color: #ff0000;\">Attivit\u00e0 per il cittadino<\/span><\/a><\/strong><\/div>\n<div><strong><span style=\"color: #ff0000;\"><a style=\"color: #ff0000;\" href=\"http:\/\/www.monicamontella.it\/wordpress\/chi-siamo-2\/impegni\/inclusione-delle-donne-nel-movimento-cinque-stelle\/\" target=\"_blank\" rel=\"noopener noreferrer\">Attivit\u00e0 per l\u2019inclusione delle donne<\/a><br \/><\/span><\/strong><\/div>\n<div>\n<div><strong><span style=\"color: #ff0000;\"><a style=\"color: #ff0000;\" href=\"http:\/\/www.monicamontella.it\/wordpress\/chi-siamo-2\/impegni\/elezioni-regione-lazio\/\" target=\"_blank\" rel=\"noopener noreferrer\">Attivit\u00e0 per Regione Lazio<\/a><\/span><\/strong><\/div>\n<div><strong><span style=\"color: #ff0000;\"><a style=\"color: #ff0000;\" href=\"http:\/\/www.monicamontella.it\/wordpress\/chi-siamo-2\/impegni\/smart-city\/\" target=\"_blank\" rel=\"noopener noreferrer\">Attivit\u00e0 per promuovere politicamente le Smart cities<\/a><\/span><\/strong><\/div>\n<div><strong><span style=\"color: #ff0000;\"><a style=\"color: #ff0000;\" href=\"http:\/\/www.monicamontella.it\/wordpress\/chi-siamo-2\/impegni\/attivita-per-roma-a-5-stelle\/\" target=\"_blank\" rel=\"noopener noreferrer\">Attivit\u00e0 per Roma<\/a><\/span><\/strong><\/div>\n<div><strong><span style=\"color: #ff0000;\"><a style=\"color: #ff0000;\" href=\"http:\/\/www.monicamontella.it\/wordpress\/chi-siamo-2\/impegni\/innoviamo-il-parlamento-europeo\/\" target=\"_blank\" rel=\"noopener noreferrer\">Innoviamo il Parlamento Europeo<\/a><\/span><\/strong><\/div>\n<\/div>\n<div><strong><span style=\"color: #ff0000;\">Attivit\u00e0 per\u00a0<a style=\"color: #ff0000;\" href=\"http:\/\/www.monicamontella.it\/wordpress\/chi-siamo-2\/impegni\/parlamento-a-5-stelle\/\" target=\"_blank\" rel=\"noopener noreferrer\">Parlamento Nazionale<\/a><\/span><\/strong><\/div>\n<div><strong><span style=\"color: #ff0000;\"><a style=\"color: #ff0000;\" href=\"http:\/\/www.monicamontella.it\/wordpress\/articoli-tematici-dinamici\/\" target=\"_blank\" rel=\"noopener noreferrer\">Attivit\u00e0 per i candidati portavoce al Comune di Roma<\/a><\/span><\/strong><\/div>\n<div>\n<h1><a href=\"https:\/\/www.monicamontella.it\/wordpress\/chi-siamo-2\/impegni\/attivita-consigliera-capitolina\/\"><strong><span style=\"color: #ff0000;\">Attivit\u00e0 politica consigliera capitolina<\/span><\/strong><\/a><\/h1>\n<\/div>\n<p><strong>Attivismo Politico per il M5S &#8211; Iscrizioni e Candidature<\/strong><\/p>\n<ul>\n<li><strong><a href=\"http:\/\/www.monicamontella.it\/wordpress\/wp-content\/uploads\/2013\/01\/blog.png\" target=\"_blank\" rel=\"noopener noreferrer\"><span style=\"color: #ff0000;\">Iscritta al BLOG Nazionale di Beppe Grillo<\/span><\/a><\/strong><\/li>\n<li><strong>Iscritta nel M5S Nazionale dal <a href=\"http:\/\/www.monicamontella.it\/wordpress\/wp-content\/uploads\/2013\/01\/Montella_iscrizionenazionale2.jpg\" target=\"_blank\" rel=\"noopener noreferrer\"><span style=\"color: #ff0000;\">13 settembre 2011<\/span><\/a><\/strong>, con verifica avvenuta il <strong><a href=\"http:\/\/www.monicamontella.it\/wordpress\/wp-content\/uploads\/2013\/01\/Montella_iscrizionenazionale2.jpg\" target=\"_blank\" rel=\"noopener noreferrer\"><span style=\"color: #ff0000;\">30 novembre 2011<\/span><\/a><\/strong><\/li>\n<li><strong>Iscritta al Meetup Lazio 5 Stelle da luglio 2012<\/strong><\/li>\n<li><strong>Iscritta nel M5S Roma dal 20 marzo 2012<\/strong><\/li>\n<li><strong>Candidata portavoce<\/strong> nel <strong><a href=\"https:\/\/www.monicamontella.it\/wordpress\/wp-content\/uploads\/2020\/04\/elezioni-2013-M5S-Roma-preslis007.pdf\"><span style=\"color: #ff0000;\">municipio XI-XII<\/span><\/a><\/strong> per le elezioni comunali di Roma Capitale nel 2013<\/li>\n<li><strong>Candidata portavoce<\/strong> per le elezioni europee del 2014<\/li>\n<li><strong>Candidata portavoce<\/strong> per le elezioni amministrative del 2016<\/li>\n<li><strong>Eletta <\/strong><strong><a href=\"https:\/\/www.monicamontella.it\/wordpress\/consigliera\/\"><span style=\"color: #ff0000;\">Consigliera Capitolina<\/span><\/a><\/strong> alle elezioni amministrative del 2016<\/li>\n<li>Attiva nel gruppo territoriale ex Municipio XI (ora Municipio VIII) di Roma Capitale, partecipando a riunioni, infopoint e supportando il gruppo su temi di bilancio e trasparenza; referente del tavolo accoglienza<\/li>\n<li><strong>Referente del tavolo sanit\u00e0 regionale del Lazio<\/strong> (settembre 2013 &#8211; dicembre 2014)<\/li>\n<li><strong>Referente Osservatorio Trasparenza<\/strong> del M5S Roma<\/li>\n<li><strong>Referente per il Municipio VIII<\/strong> nel tavolo intermunicipale<\/li>\n<li>Iscritta al <strong>Meetup Movimento Cinque Stelle Europeo<\/strong><\/li>\n<li>Partecipato attivamente a\u00a0<span style=\"color: #ff0000;\"><strong><a style=\"color: #ff0000;\" href=\"https:\/\/www.monicamontella.it\/wordpress\/wp-content\/uploads\/2020\/04\/meetup.png\">numerosi Meetup<\/a> <\/strong><\/span><strong><span style=\"color: #ff0000;\"><a style=\"color: #ff0000;\" href=\"http:\/\/www.meetup.com\/members\/50557542\/?showAllGroups=true#my-meetup-groups-list\" target=\"_blank\" rel=\"noopener noreferrer\">(103 Meetup<\/a>)<\/span> <\/strong>per condividere e armonizzare temi e documenti del M5S a livello territoriale, nazionale ed <strong><a href=\"https:\/\/www.monicamontella.it\/wordpress\/wp-content\/uploads\/2020\/03\/sito-meetup-paris.png\"><span style=\"color: #ff0000;\">europeo<\/span><\/a><\/strong><\/li>\n<\/ul>\n<p><strong>Riunioni ed Eventi<\/strong><\/p>\n<ul>\n<li><strong>Assemblea generale dei tavoli<\/strong> (24 settembre 2012)<\/li>\n<li>Pre-assemblea regionale romana (11 ottobre 2012)<\/li>\n<li>Relatrice all&#8217;<strong>Assemblea regionale<\/strong> (13 ottobre 2012)<\/li>\n<li>Partecipato alla libera assemblea dei tavoli di lavoro partecipazione in streaming e all&#8217;<span style=\"color: #ff0000;\"><strong><a style=\"color: #ff0000;\" href=\"http:\/\/www.monicamontella.it\/wordpress\/wp-content\/uploads\/2013\/01\/verbale_22_11_Donne5Stelle_2012-11-28.pdf\" target=\"_blank\" rel=\"noopener noreferrer\">Assemblea gruppo donne a 5 stelle<\/a><\/strong>.<\/span><\/li>\n<li>Supporto con un <span style=\"color: #ff0000;\"><strong><a style=\"color: #ff0000;\" href=\"https:\/\/www.monicamontella.it\/wordpress\/wp-content\/uploads\/2020\/04\/rapporto-elezioni_2013sm.doc.pdf\">documento<\/a><\/strong> <\/span>agli organizzatori del Meetup MoV 5 Stelle di Santa Marinella e partecipazione al <strong>Firma Day<\/strong> a Santa Marinella<\/li>\n<li><strong><a href=\"http:\/\/www.monicamontella.it\/wordpress\/wp-content\/uploads\/2013\/01\/foto1Roma.jpg\" target=\"_blank\" rel=\"noopener noreferrer\"><span style=\"color: #ff0000;\">Pedalata per le vie di Roma<\/span><\/a> <\/strong>(10 e <strong><span style=\"color: #ff0000;\"><a style=\"color: #ff0000;\" href=\"http:\/\/www.monicamontella.it\/wordpress\/wp-content\/uploads\/2013\/01\/foto-2Roma.jpg\">17 febbraio 2013<\/a><\/span><\/strong>) nell&#8217;ambito della campagna elettorale per le elezioni politiche del 2013<\/li>\n<li><strong><a href=\"https:\/\/www.monicamontella.it\/wordpress\/wp-content\/uploads\/2021\/04\/RAPPRESENTANTE-DI-LISTA-ELEZIONI-REGIONALI-febbraio-2013-.pdf\"><span style=\"color: #ff0000;\">Rappresentante di lista<\/span><\/a><\/strong> per le elezioni nazionali e regionali del 2013, e per le <strong><span style=\"color: #ff0000;\"><a style=\"color: #ff0000;\" href=\"https:\/\/www.monicamontella.it\/wordpress\/wp-content\/uploads\/2021\/04\/RAPPRESENTANTE-DI-LISTA-ELEZIONI-EUROPEE-maggio-2014-.pdf\">elezioni europee del 2014<\/a><\/span><\/strong><\/li>\n<li>Partecipazione all&#8217;evento <strong>&#8220;Sar\u00e0 un piacere day &#8211; Tsunami tour 2013&#8221;<\/strong> (22 febbraio 2013, Piazza San Giovanni, Roma)<\/li>\n<li>Partecipato al <strong>tavolo politico Europa<\/strong> (15 marzo 2013) e a numerosi banchetti e riunioni locali<\/li>\n<li>Ho fatto parte dell&#8217;Assemblea tavolo sanit\u00e0 regione Lazio il 20 settembre 2013 (<strong><span style=\"color: #ff0000;\"><a style=\"color: #ff0000;\" href=\"http:\/\/www.lazio5stelle.it\/tavoli-di-lavoro\/\" target=\"_blank\" rel=\"noopener noreferrer\">nominata referente pro-tempore tavolo sanit\u00e0<\/a><\/span><\/strong>).<\/li>\n<li>Partecipato all&#8217;<strong><span style=\"color: #ff0000;\"><a style=\"color: #ff0000;\" href=\"http:\/\/www.monicamontella.it\/wordpress\/wp-content\/uploads\/2013\/01\/Intro_Assemblea_roma5stelle_14-dicembre-2013.pdf\" target=\"_blank\" rel=\"noopener noreferrer\">assemblea romana del 14 dicembre 2013<\/a><\/span>.<\/strong><\/li>\n<li>In veste di relatrice ho partecipato al seminario <a href=\"http:\/\/www.ilquaderno.it\/m5s-l11-gennaio-convegno-europa-ed-euro-cause-crisi-possibili-soluzioni-91927.html\" target=\"_blank\" rel=\"noopener noreferrer\"><strong>\u201c<span style=\"color: #ff0000;\">Europa ed euro: cause della crisi e possibili soluzioni\u201d<\/span><\/strong><\/a> Benevento, Hotel President, 11 gennaio 2014.<\/li>\n<li>Ho partecipato come <strong><a href=\"http:\/\/www.monicamontella.it\/wordpress\/wp-content\/uploads\/2013\/01\/sintesi_seminario-assemblea-romana-europaMontellaMonica.pdf\" target=\"_blank\" rel=\"noopener noreferrer\"><span style=\"color: #ff0000;\">relatrice<\/span><\/a><\/strong> all&#8217;ASSEMBLEA GENERALE\u00a0MEET UP LAZIO \u2013 Roma 5 Stelle del\u00a01 marzo 2014.<\/li>\n<li>Ho partecipato ad un&#8217;intervento a Rieti l&#8217;8 marzo 2014\u00a0 dal titolo \u201c<strong>DONNE in MoVimento<\/strong>\u201d<strong>\u00a0<\/strong>dal\u00a0minuto 32.<\/li>\n<li><strong><a href=\"http:\/\/www.youtube.com\/watch?v=n83AJ3gmG9U&amp;feature=share\" target=\"_blank\" rel=\"noopener noreferrer\"><span style=\"color: #ff0000;\">Ho svolto il ruolo di Moderatrice <\/span><\/a><\/strong><span id=\"eow-title\" class=\"watch-title long-title yt-uix-expander-head\" dir=\"ltr\" title=\"Agor\u00e0 Movimento 5 Stelle del Municipio Roma VIII - Live Streaming\"><span style=\"color: #ff0000;\"><strong><a style=\"color: #ff0000;\" href=\"http:\/\/www.youtube.com\/watch?v=n83AJ3gmG9U&amp;feature=share\" target=\"_blank\" rel=\"noopener noreferrer\">Agor\u00e0 Movimento 5 Stelle<\/a><\/strong><\/span> del Municipio VIII a Roma il 15 marzo 2014.<\/span><\/li>\n<li>Nell&#8217;ambito dell&#8217;incarico di relazionare sul tema degli Eurobond ho partecipato al <span id=\"eow-title\" class=\"watch-title long-title yt-uix-expander-head\" dir=\"ltr\" title=\"Agor\u00e0 Movimento 5 Stelle del Municipio Roma VIII - Live Streaming\"><\/span><strong><a href=\"http:\/\/youtu.be\/wkoJE2PGzN4\" target=\"_blank\" rel=\"noopener noreferrer\"><span style=\"color: #ff0000;\">II\u00b0 Incontro sull&#8217;Europa M5S Roma Municipio IX &#8211; Seconda parte<\/span><\/a>\u00a0per le elezioni europee.<\/strong><\/li>\n<\/ul>\n<p><strong>Attivit\u00e0 di Docenza e Ruoli di Rilievo<\/strong><\/p>\n<ul>\n<li>Relatrice al seminario <strong>&#8220;Europa ed Euro: cause della crisi e possibili soluzioni&#8221;<\/strong> (Benevento, 11 gennaio 2014)<\/li>\n<li>Relatrice all&#8217;<strong>Assemblea Generale Meet Up Lazio &#8211; Roma 5 Stelle<\/strong> (1 marzo 2014)<\/li>\n<li>Moderatrice all&#8217;<strong>Agor\u00e0 Movimento 5 Stelle del Municipio VIII<\/strong> (Roma, 15 marzo 2014)<\/li>\n<li>Docente nel progetto &#8220;Adotta una ASL&#8221; con la Non Scuola Roma5stelle (10 dicembre 2014), con un intervento intitolato &#8220;Come un cittadino pu\u00f2 diventare una sentinella della trasparenza&#8221;, in Largo Lamberto Loria 3 (presso piazza Navigatori).<\/li>\n<li>Docente per l&#8217;<strong><a href=\"https:\/\/drive.google.com\/folderview?id=0BwAOAZZ2NJT7fnBRQWNmLU40aERYYXJHdzlGdXdHaGoxeGJiVUVOaUhVMGE3OVQ2M1lPRVE&amp;usp=sharing\" target=\"_blank\" rel=\"noopener noreferrer\"><span style=\"color: #ff0000;\">osservatorio trasparenza<\/span><\/a> <\/strong>di Roma 5 Stelle, <strong><a href=\"https:\/\/drive.google.com\/folderview?id=0B8GnsxYUVvBbfkQzS1gwY1J5WFBVN19QdmJ0OXR0WmlxY2lHV2dUVDJMT3ZSTVJvZ2lBN00&amp;usp=sharing&amp;tid=0BwAOAZZ2NJT7fnBRQWNmLU40aERYYXJHdzlGdXdHaGoxeGJiVUVOaUhVMGE3OVQ2M1lPRVE\" target=\"_blank\" rel=\"noopener noreferrer\"><span style=\"color: #ff0000;\">come guida al monitoraggio trasparenza<\/span><\/a> <\/strong>per il <strong><a href=\"https:\/\/drive.google.com\/folderview?id=0B8GnsxYUVvBbfkQzS1gwY1J5WFBVN19QdmJ0OXR0WmlxY2lHV2dUVDJMT3ZSTVJvZ2lBN00&amp;usp=sharing&amp;tid=0BwAOAZZ2NJT7fnBRQWNmLU40aERYYXJHdzlGdXdHaGoxeGJiVUVOaUhVMGE3OVQ2M1lPRVE\" target=\"_blank\" rel=\"noopener noreferrer\"><span style=\"color: #ff0000;\">Municipio XII<\/span> <\/a><\/strong><\/li>\n<li>Redattrice delle <strong>linee guida candidature<\/strong> per il Municipio VIII.<\/li>\n<li><strong><span style=\"color: #ff0000;\"><a style=\"color: #ff0000;\" href=\"https:\/\/www.monicamontella.it\/wordpress\/wp-content\/uploads\/2025\/12\/ragliare-la-democrazia.jpeg\">Intervento<\/a><\/span><\/strong> sul NO al taglio dei parlamentari\u00a0<\/li>\n<\/ul>\n<div>\n<h1>\u00a0<\/h1>\n<\/div>\n\n","protected":false},"excerpt":{"rendered":"<p>PARTECIPAZIONE CIVICA 2023 &#8211; 2024 &#8211; Partecipazione Associazione Schierarsi IMPEGNO CIVICO Attivit\u00e0 per il cittadino Attivit\u00e0 per l\u2019inclusione delle donne Attivit\u00e0 per Regione Lazio Attivit\u00e0 per promuovere politicamente le Smart cities Attivit\u00e0 per Roma Innoviamo il Parlamento Europeo Attivit\u00e0 per\u00a0Parlamento Nazionale Attivit\u00e0 per i candidati portavoce al Comune di Roma Attivit\u00e0 politica consigliera capitolina Attivismo [&hellip;]<\/p>\n","protected":false},"author":1,"featured_media":0,"parent":7,"menu_order":1,"comment_status":"closed","ping_status":"closed","template":"","meta":{"footnotes":""},"class_list":["post-44","page","type-page","status-publish","hentry"],"_links":{"self":[{"href":"https:\/\/www.monicamontella.it\/wordpress\/wp-json\/wp\/v2\/pages\/44","targetHints":{"allow":["GET"]}}],"collection":[{"href":"https:\/\/www.monicamontella.it\/wordpress\/wp-json\/wp\/v2\/pages"}],"about":[{"href":"https:\/\/www.monicamontella.it\/wordpress\/wp-json\/wp\/v2\/types\/page"}],"author":[{"embeddable":true,"href":"https:\/\/www.monicamontella.it\/wordpress\/wp-json\/wp\/v2\/users\/1"}],"replies":[{"embeddable":true,"href":"https:\/\/www.monicamontella.it\/wordpress\/wp-json\/wp\/v2\/comments?post=44"}],"version-history":[{"count":38,"href":"https:\/\/www.monicamontella.it\/wordpress\/wp-json\/wp\/v2\/pages\/44\/revisions"}],"predecessor-version":[{"id":21209,"href":"https:\/\/www.monicamontella.it\/wordpress\/wp-json\/wp\/v2\/pages\/44\/revisions\/21209"}],"up":[{"embeddable":true,"href":"https:\/\/www.monicamontella.it\/wordpress\/wp-json\/wp\/v2\/pages\/7"}],"wp:attachment":[{"href":"https:\/\/www.monicamontella.it\/wordpress\/wp-json\/wp\/v2\/media?parent=44"}],"curies":[{"name":"wp","href":"https:\/\/api.w.org\/{rel}","templated":true}]}}