{"id":21430,"date":"2026-05-14T16:43:07","date_gmt":"2026-05-14T14:43:07","guid":{"rendered":"https:\/\/www.monicamontella.it\/wordpress\/?page_id=21430"},"modified":"2026-05-14T17:25:14","modified_gmt":"2026-05-14T15:25:14","slug":"elezioni-amministrative-santa-marinella","status":"publish","type":"page","link":"https:\/\/www.monicamontella.it\/wordpress\/elezioni-amministrative-santa-marinella\/","title":{"rendered":"Elezioni amministrative Santa Marinella"},"content":{"rendered":"\n<p>\u00a0<\/p>\n<p>Candidata nella <span style=\"color: #ff0000;\"><strong><a style=\"color: #ff0000;\" href=\"https:\/\/www.monicamontella.it\/wordpress\/wp-content\/uploads\/2026\/05\/Lista-candidati-uniti-Per-Manuelli-Sindaco.png\">lista UNITI<\/a><\/strong><\/span> per Manuelli Sindaco al Comune di Santa Marinella &#8211; Elezioni amministrative 24-25 maggio 2026<\/p>\n<p><a href=\"https:\/\/www.monicamontella.it\/wordpress\/wp-content\/uploads\/2026\/05\/MONTELLA-MONICA-CV.pdf\"><strong><span style=\"color: #ff0000;\">Curriculum<\/span><\/strong>\u00a0<\/a>vitae e <strong><span style=\"color: #ff0000;\"><a style=\"color: #ff0000;\" href=\"https:\/\/www.monicamontella.it\/wordpress\/wp-content\/uploads\/2026\/05\/CG-Montella-Monica.pdf\">carichi pendenti<\/a><\/span><\/strong><\/p>\n<ul>\n<li data-section-id=\"fqdl09\" data-start=\"1656\" data-end=\"1668\">\u201cScrivimi\u201d e \u201cSegnalami un problema\u201d <strong>montella.monica@gmail.com<\/strong><\/li>\n<li data-section-id=\"4itas\" data-start=\"1716\" data-end=\"1738\">\u201cSeguimi <strong><span style=\"color: #ff0000;\"><a style=\"color: #ff0000;\" href=\"https:\/\/www.facebook.com\/monica.montella\/\">sui social<\/a><\/span><\/strong>\u201d\u00a0<\/li>\n<li data-section-id=\"rjszcs\" data-start=\"1739\" data-end=\"1763\">Scarica il <strong><a href=\"https:\/\/www.monicamontella.it\/wordpress\/wp-content\/uploads\/2026\/05\/Programma-Elettorale.-VERSIONE-2-1-1.pdf\"><span style=\"color: #ff0000;\">Programma politico<\/span><\/a><\/strong><\/li>\n<\/ul>\n<p><strong><span style=\"color: #ff0000;\"><a style=\"color: #ff0000;\" href=\"https:\/\/www.facebook.com\/monica.montella\/posts\/pfbid036NaRYB3AZRkr6BertSSFj3MAvJmmKVFXAUUxJQgKfVs8FYAy3HHJQyQi8mdkny3Ul\">Inaugurazione sede elettorale<\/a><\/span><\/strong><\/p>\n<p>Foto inizio campagna elettorale<\/p>\n<p><a href=\"https:\/\/www.monicamontella.it\/wordpress\/wp-content\/uploads\/2026\/05\/squadra-coalizione.jpg\"><img loading=\"lazy\" decoding=\"async\" class=\"aligncenter size-full wp-image-21461\" src=\"https:\/\/www.monicamontella.it\/wordpress\/wp-content\/uploads\/2026\/05\/squadra-coalizione.jpg\" alt=\"\" width=\"720\" height=\"540\" srcset=\"https:\/\/www.monicamontella.it\/wordpress\/wp-content\/uploads\/2026\/05\/squadra-coalizione.jpg 720w, https:\/\/www.monicamontella.it\/wordpress\/wp-content\/uploads\/2026\/05\/squadra-coalizione-300x225.jpg 300w, https:\/\/www.monicamontella.it\/wordpress\/wp-content\/uploads\/2026\/05\/squadra-coalizione-624x468.jpg 624w\" sizes=\"auto, (max-width: 720px) 100vw, 720px\" \/><\/a>Foto banchetti <a href=\"https:\/\/www.monicamontella.it\/wordpress\/wp-content\/uploads\/2026\/05\/banchetto-con-lista-orizzonti.jpg\"><strong><span style=\"color: #ff0000;\">1<\/span><\/strong><\/a><strong><span style=\"color: #ff0000;\"> <a style=\"color: #ff0000;\" href=\"https:\/\/www.monicamontella.it\/wordpress\/wp-content\/uploads\/2026\/05\/foto-banchetto-1.jpeg\">2<\/a><\/span><\/strong><\/p>\n<p>Articoli pubblicati sul sito<\/p>\n<ul>\n<li><strong><span style=\"color: #ff0000;\"><a style=\"color: #ff0000;\" href=\"https:\/\/www.monicamontella.it\/wordpress\/2025\/04\/02\/pnrr-santa-marinella-cambiera-il-volto-della-perla-del-tirreno\/\">PNRR Santa Marinella<\/a><\/span><\/strong><\/li>\n<li><strong><span style=\"color: #ff0000;\"><a style=\"color: #ff0000;\" href=\"https:\/\/www.monicamontella.it\/wordpress\/2026\/05\/14\/turismo-a-santa-marinella\/\">Turismo a Santa Marinella<\/a><\/span><\/strong><\/li>\n<\/ul>\n<p><strong>Articoli e approfondimenti pubblicati sulla pagina Facebook<\/strong><\/p>\n<ul>\n<li><strong><span style=\"color: #ff0000;\"><a style=\"color: #ff0000;\" href=\"https:\/\/www.facebook.com\/monica.montella\/posts\/pfbid0rH2nmTda4Ge15jyMbHraNN4TuLRMwJyRiyKpwAwyFnYxq5Uv5v8gf6upRMnVbQpnl\">Tari: criticit\u00e0 e proposte per il Comune di Santa Marinella<\/a><\/span><\/strong><\/li>\n<li><a href=\"https:\/\/www.facebook.com\/monica.montella\/posts\/pfbid02R8XfwcFGFFkdzvFfBkfthbwuQLVFKTQaUvEDohWWFjqrQAzW4PfrkppYTDiphEd7l\"><strong><span style=\"color: #ff0000;\">Centrali a carbone\u00a0<\/span><\/strong><\/a><\/li>\n<li><strong><span style=\"color: #ff0000;\"><a style=\"color: #ff0000;\" href=\"https:\/\/www.facebook.com\/monica.montella\/posts\/pfbid0YF1vq596HzNPaBTFsZZY38nApF1EY4FnjuQ8WuTbXai6BWP9rAhR5mQPTBGrc5EUl\"><span class=\"x193iq5w xeuugli x13faqbe x1vvkbs x1xmvt09 x1lliihq x1s928wv xhkezso x1gmr53x x1cpjm7i x1fgarty x1943h6x x4zkp8e x3x7a5m x1nxh6w3 x1sibtaa xo1l8bm xzsf02u x1yc453h\" dir=\"auto\"><span class=\"x1lliihq x6ikm8r x10wlt62 x1n2onr6 x1j85h84\">Pi\u00f9 giovani, pi\u00f9 futuro per Santa Marinella<\/span><\/span><\/a><\/span><\/strong><\/li>\n<li><strong><span style=\"color: #ff0000;\"><a style=\"color: #ff0000;\" href=\"https:\/\/www.facebook.com\/monica.montella\/posts\/pfbid02PHWAnzc8SkJWxHQcLVLvsBwW5DPK8C5a3VRacMMQdp1x2K8xzExvX79WmdtKmSNcl\">Riscossione tasse Santa Marinella<\/a><\/span><\/strong><\/li>\n<li><strong><span style=\"color: #ff0000;\"><a style=\"color: #ff0000;\" href=\"https:\/\/www.facebook.com\/monica.montella\/posts\/pfbid0ScojpwPP6HLEmCcQ9aurWu4fhujxEahGJDxhoK7hbv9Vm9P6UtSh6g1HLiinhnAbl\"><span class=\"x193iq5w xeuugli x13faqbe x1vvkbs x1xmvt09 x1lliihq x1s928wv xhkezso x1gmr53x x1cpjm7i x1fgarty x1943h6x x4zkp8e x3x7a5m x1nxh6w3 x1sibtaa xo1l8bm xzsf02u x1yc453h\" dir=\"auto\"><span class=\"x1lliihq x6ikm8r x10wlt62 x1n2onr6 x1j85h84\">Santa Marinella quadro di attuazione del PNRR\u00a0<\/span><\/span><\/a><\/span><\/strong><\/li>\n<li><strong><span style=\"color: #ff0000;\"><a style=\"color: #ff0000;\" href=\"https:\/\/www.facebook.com\/monica.montella\/posts\/pfbid06h9MZ59BFACUHp2Kww5gmQPKDYN6JAmTYciPByrTjqzo5bD1jjeSbGNWZ4WKfmmTl\">Santa Marinella: <span class=\"x193iq5w xeuugli x13faqbe x1vvkbs x1xmvt09 x1lliihq x1s928wv xhkezso x1gmr53x x1cpjm7i x1fgarty x1943h6x x4zkp8e x3x7a5m x1nxh6w3 x1sibtaa xo1l8bm xzsf02u x1yc453h\" dir=\"auto\"><span class=\"x1lliihq x6ikm8r x10wlt62 x1n2onr6 x1j85h84\"> criticit\u00e0 nella gestione dei fondi PNRR<\/span><\/span><\/a><\/span><\/strong><\/li>\n<li><strong><span style=\"color: #ff0000;\"><a style=\"color: #ff0000;\" href=\"https:\/\/www.facebook.com\/monica.montella\/posts\/pfbid02BKoPnQtbbt1R2hGuYFf6scBfrbEbsFKA2tSqhX526X39pv3LyYqeepbQin1FHDgBl\"><span class=\"x193iq5w xeuugli x13faqbe x1vvkbs x1xmvt09 x1lliihq x1s928wv xhkezso x1gmr53x x1cpjm7i x1fgarty x1943h6x x4zkp8e x3x7a5m x1nxh6w3 x1sibtaa xo1l8bm xzsf02u x1yc453h\" dir=\"auto\"><span class=\"x1lliihq x6ikm8r x10wlt62 x1n2onr6 x1j85h84\">Rifiuti urbani a Santa Marinella<\/span><\/span><\/a><\/span><\/strong><\/li>\n<li><strong><span style=\"color: #ff0000;\"><a style=\"color: #ff0000;\" href=\"https:\/\/www.facebook.com\/monica.montella\/posts\/pfbid0Ajwt23Tj5guKX5zHid2DkNA6jyvrDYes8sh1nKxGXU2AjQQHbN5RK9Yp767sAtqzl\">Santa Marinella: <\/a><a style=\"color: #ff0000;\" href=\"https:\/\/www.facebook.com\/monica.montella\/posts\/pfbid0Ajwt23Tj5guKX5zHid2DkNA6jyvrDYes8sh1nKxGXU2AjQQHbN5RK9Yp767sAtqzl\"><span class=\"x193iq5w xeuugli x13faqbe x1vvkbs x1xmvt09 x1lliihq x1s928wv xhkezso x1gmr53x x1cpjm7i x1fgarty x1943h6x x4zkp8e x3x7a5m x1nxh6w3 x1sibtaa xo1l8bm xzsf02u x1yc453h\" dir=\"auto\"><span class=\"x1lliihq x6ikm8r x10wlt62 x1n2onr6 x1j85h84\">Terrazza Giuliani <\/span><\/span><\/a><\/span><\/strong><\/li>\n<li><strong><span style=\"color: #ff0000;\"><a style=\"color: #ff0000;\" href=\"https:\/\/www.facebook.com\/monica.montella\/posts\/pfbid0FLRGdKNiTnbxBq7rBgPzNzGKs7Wr1TiRL1BciTaKnMEKLZgvnbwqaTtjBjZS3Lujl\"><span class=\"x193iq5w xeuugli x13faqbe x1vvkbs x1xmvt09 x1lliihq x1s928wv xhkezso x1gmr53x x1cpjm7i x1fgarty x1943h6x x4zkp8e x3x7a5m x1nxh6w3 x1sibtaa xo1l8bm xzsf02u x1yc453h\" dir=\"auto\"><span class=\"x1lliihq x6ikm8r x10wlt62 x1n2onr6 x1j85h84\">PNRR SANTA MARINELLA \u2013 Forestazione<\/span><\/span><\/a><\/span><\/strong><\/li>\n<li><strong><span class=\"x193iq5w xeuugli x13faqbe x1vvkbs x1xmvt09 x1lliihq x1s928wv xhkezso x1gmr53x x1cpjm7i x1fgarty x1943h6x x4zkp8e x3x7a5m x1nxh6w3 x1sibtaa xo1l8bm xzsf02u x1yc453h\" dir=\"auto\" style=\"color: #ff0000;\"><span class=\"x1lliihq x6ikm8r x10wlt62 x1n2onr6 x1j85h84\"><a style=\"color: #ff0000;\" href=\"https:\/\/www.facebook.com\/monica.montella\/posts\/pfbid0M9SZxkVDQg5Bsr8naCQe8bnBRGapKYCHMKiviJoUM247BCaMqFasAEfyU3qe6BaWl\">SANTA MARINELLA Missione 1 Pnrr &#8211; Digitalizzazione, innovazione, competitivit\u00e0 e cultura<\/a> <\/span><\/span><\/strong><\/li>\n<li><strong><span style=\"color: #ff0000;\"><a style=\"color: #ff0000;\" href=\"https:\/\/www.facebook.com\/monica.montella\/posts\/pfbid02Y4K9HDv7iorF9oh8fGUDuU4PqwzFkFCdNAiBxgx1jnZB53F9dK74pmmYrbtoMzFXl\"><span class=\"x193iq5w xeuugli x13faqbe x1vvkbs x1xmvt09 x1lliihq x1s928wv xhkezso x1gmr53x x1cpjm7i x1fgarty x1943h6x x4zkp8e x3x7a5m x1nxh6w3 x1sibtaa xo1l8bm xzsf02u x1yc453h\" dir=\"auto\"><span class=\"x1lliihq x6ikm8r x10wlt62 x1n2onr6 x1j85h84\">Mi candido perch\u00e9 <\/span><\/span><\/a><\/span><\/strong><\/li>\n<li><strong><span style=\"color: #ff0000;\"><a style=\"color: #ff0000;\" href=\"https:\/\/www.facebook.com\/monica.montella\/posts\/pfbid02ECZim81Z4VvtJwAfmjiXeoraUz5yiZ89cuAuDkyEMhnhbWC4WY4JTuTEup2UKsZ6l\"><span class=\"x193iq5w xeuugli x13faqbe x1vvkbs x1xmvt09 x1lliihq x1s928wv xhkezso x1gmr53x x1cpjm7i x1fgarty x1943h6x x4zkp8e x3x7a5m x1nxh6w3 x1sibtaa xo1l8bm xzsf02u x1yc453h\" dir=\"auto\"><span class=\"x1lliihq x6ikm8r x10wlt62 x1n2onr6 x1j85h84\">Santa Marinella: Trasparenza e partecipazione<\/span><\/span><\/a><\/span><\/strong><\/li>\n<li><strong><span style=\"color: #ff0000;\"><a style=\"color: #ff0000;\" href=\"https:\/\/www.facebook.com\/monica.montella\/posts\/pfbid02U1WeFVEfj5y3VMNaqFrxeMGu7gPEYrcwoRJH52jFRCvHDQtUBUu2AtXCCyTVD81gl\"><span class=\"x193iq5w xeuugli x13faqbe x1vvkbs x1xmvt09 x1lliihq x1s928wv xhkezso x1gmr53x x1cpjm7i x1fgarty x1943h6x x4zkp8e x3x7a5m x1nxh6w3 x1sibtaa xo1l8bm xzsf02u x1yc453h\" dir=\"auto\"><span class=\"x1lliihq x6ikm8r x10wlt62 x1n2onr6 x1j85h84\">Santa Marinella: la tutela ambientale \u00e8 una priorit\u00e0 non pi\u00f9 rinviabile per Santa Marinella<\/span><\/span><\/a><\/span><\/strong><\/li>\n<li><a href=\"https:\/\/www.facebook.com\/monica.montella\/posts\/pfbid0idJzS29G66zHtVEeNvLLSApJCoEgvGbbN9kb8ijdbadLuECghbFiYjUFBFYp56zrl\"><strong><span style=\"color: #ff0000;\">Santa Marinella: ex piscina comunale<\/span><\/strong><\/a><\/li>\n<li><strong><span style=\"color: #ff0000;\"><a style=\"color: #ff0000;\" href=\"https:\/\/www.facebook.com\/monica.montella\/posts\/pfbid0PusWjhqF2U7eFyY9upoeJk5JKLJrfkv5R56WwbQ5kJ1ihBtYv8ADYttjQn2bHyzPl\">Santa Marinella: <\/a><span class=\"x193iq5w xeuugli x13faqbe x1vvkbs x1xmvt09 x1lliihq x1s928wv xhkezso x1gmr53x x1cpjm7i x1fgarty x1943h6x x4zkp8e x3x7a5m x1nxh6w3 x1sibtaa xo1l8bm xzsf02u x1yc453h\" dir=\"auto\"><span class=\"x1lliihq x6ikm8r x10wlt62 x1n2onr6 x1j85h84\"><a style=\"color: #ff0000;\" href=\"https:\/\/www.facebook.com\/monica.montella\/posts\/pfbid0PusWjhqF2U7eFyY9upoeJk5JKLJrfkv5R56WwbQ5kJ1ihBtYv8ADYttjQn2bHyzPl\">Igiene urbana e manutenzione dei fossi<\/a> <\/span><\/span><\/span><\/strong><\/li>\n<li><a href=\"https:\/\/www.facebook.com\/monica.montella\/posts\/pfbid02w8uEt64cuSNdHEwjdpvpzsGCmx8UMmqYUuCmfxBHa1dAbEVDXBmKd3PqhCK3gY2dl\"><strong><span style=\"color: #ff0000;\">Santa Marinella: <\/span><\/strong><\/a><strong><a href=\"https:\/\/www.facebook.com\/monica.montella\/posts\/pfbid02w8uEt64cuSNdHEwjdpvpzsGCmx8UMmqYUuCmfxBHa1dAbEVDXBmKd3PqhCK3gY2dl\"><span class=\"x193iq5w xeuugli x13faqbe x1vvkbs x1xmvt09 x1lliihq x1s928wv xhkezso x1gmr53x x1cpjm7i x1fgarty x1943h6x x4zkp8e x3x7a5m x1nxh6w3 x1sibtaa xo1l8bm xzsf02u x1yc453h\" dir=\"auto\"><span class=\"x1lliihq x6ikm8r x10wlt62 x1n2onr6 x1j85h84\"><span style=\"color: #ff0000;\">Riserva Macchiatonda<\/span> <\/span><\/span><\/a><\/strong><\/li>\n<li><a href=\"https:\/\/www.facebook.com\/monica.montella\/posts\/pfbid029q65GjGeKKvCgZWPjVNovKgRqWb4Qz4QkhGJoKyYMMFVnw3SBt8GxYXj4E6vra9ul\"><span class=\"x193iq5w xeuugli x13faqbe x1vvkbs x1xmvt09 x1lliihq x1s928wv xhkezso x1gmr53x x1cpjm7i x1fgarty x1943h6x x4zkp8e x3x7a5m x1nxh6w3 x1sibtaa xo1l8bm xzsf02u x1yc453h\" dir=\"auto\"><span class=\"x1lliihq x6ikm8r x10wlt62 x1n2onr6 x1j85h84\"><strong><span style=\"color: #ff0000;\">Case pi\u00f9 efficienti, bollette pi\u00f9 leggere<\/span> <\/strong><\/span><\/span><\/a><\/li>\n<li><span style=\"color: #ff0000;\"><strong><a style=\"color: #ff0000;\" href=\"https:\/\/www.facebook.com\/monica.montella\/posts\/pfbid0a96p8bZ1vuWcs6S5u5cKxEUiJvb1se6yG6pZTpxwo7hUjboicrHcLJGTshdZnvH2l\">Santa Marinella: d<span class=\"x193iq5w xeuugli x13faqbe x1vvkbs x1xmvt09 x1lliihq x1s928wv xhkezso x1gmr53x x1cpjm7i x1fgarty x1943h6x x4zkp8e x3x7a5m x1nxh6w3 x1sibtaa xo1l8bm xzsf02u x1yc453h\" dir=\"auto\"><span class=\"x1lliihq x6ikm8r x10wlt62 x1n2onr6 x1j85h84\">ifendere la biodiversit\u00e0<\/span><\/span><\/a><\/strong><\/span><\/li>\n<li><span style=\"color: #ff0000;\"><strong><a style=\"color: #ff0000;\" href=\"https:\/\/www.facebook.com\/monica.montella\/posts\/pfbid02F8QT3oTLufGoKkpxtLs6oWMvESwEzSkwEzLY11ZDdSSZTjsTtPCVEZHgfJyjxVMNl\"><span class=\"x193iq5w xeuugli x13faqbe x1vvkbs x1xmvt09 x1lliihq x1s928wv xhkezso x1gmr53x x1cpjm7i x1fgarty x1943h6x x4zkp8e x3x7a5m x1nxh6w3 x1sibtaa xo1l8bm xzsf02u x1yc453h\" dir=\"auto\"><span class=\"x1lliihq x6ikm8r x10wlt62 x1n2onr6 x1j85h84\">Santa Marinella: troppi turisti o troppo poco governo del turismo?<\/span><\/span><\/a><\/strong><\/span><\/li>\n<li><a href=\"https:\/\/www.facebook.com\/monica.montella\/posts\/pfbid02BEfiE84HorkB5Fq5xbppeUdn8DQMa5xnhZnvFKE9HS3NqkMQiYieRc4MnpXripHTl\"><span class=\"x193iq5w xeuugli x13faqbe x1vvkbs x1xmvt09 x1lliihq x1s928wv xhkezso x1gmr53x x1cpjm7i x1fgarty x1943h6x x4zkp8e x3x7a5m x1nxh6w3 x1sibtaa xo1l8bm xzsf02u x1yc453h\" dir=\"auto\"><span class=\"x1lliihq x6ikm8r x10wlt62 x1n2onr6 x1j85h84\"><strong><span style=\"color: #ff0000;\"><span style=\"color: #ff0000;\">Santa Marinella nei dati ISTAT 2024: il turismo c\u2019\u00e8, ma nei numeri provinciali \u201cscompare\u201d<\/span><\/span><\/strong><\/span><\/span><\/a><\/li>\n<\/ul>\n<p>\u00a0<\/p>\n<p>\u00a0<\/p>\n<p>\u00a0<\/p>\n<p>\u00a0<\/p>\n<p>\u00a0<\/p>\n","protected":false},"excerpt":{"rendered":"<p>\u00a0 Candidata nella lista UNITI per Manuelli Sindaco al Comune di Santa Marinella &#8211; Elezioni amministrative 24-25 maggio 2026 Curriculum\u00a0vitae e carichi pendenti \u201cScrivimi\u201d e \u201cSegnalami un problema\u201d montella.monica@gmail.com \u201cSeguimi sui social\u201d\u00a0 Scarica il Programma politico Inaugurazione sede elettorale Foto inizio campagna elettorale Foto banchetti 1 2 Articoli pubblicati sul sito PNRR Santa Marinella Turismo [&hellip;]<\/p>\n","protected":false},"author":2,"featured_media":0,"parent":0,"menu_order":0,"comment_status":"closed","ping_status":"closed","template":"","meta":{"footnotes":""},"class_list":["post-21430","page","type-page","status-publish","hentry"],"_links":{"self":[{"href":"https:\/\/www.monicamontella.it\/wordpress\/wp-json\/wp\/v2\/pages\/21430","targetHints":{"allow":["GET"]}}],"collection":[{"href":"https:\/\/www.monicamontella.it\/wordpress\/wp-json\/wp\/v2\/pages"}],"about":[{"href":"https:\/\/www.monicamontella.it\/wordpress\/wp-json\/wp\/v2\/types\/page"}],"author":[{"embeddable":true,"href":"https:\/\/www.monicamontella.it\/wordpress\/wp-json\/wp\/v2\/users\/2"}],"replies":[{"embeddable":true,"href":"https:\/\/www.monicamontella.it\/wordpress\/wp-json\/wp\/v2\/comments?post=21430"}],"version-history":[{"count":22,"href":"https:\/\/www.monicamontella.it\/wordpress\/wp-json\/wp\/v2\/pages\/21430\/revisions"}],"predecessor-version":[{"id":21467,"href":"https:\/\/www.monicamontella.it\/wordpress\/wp-json\/wp\/v2\/pages\/21430\/revisions\/21467"}],"wp:attachment":[{"href":"https:\/\/www.monicamontella.it\/wordpress\/wp-json\/wp\/v2\/media?parent=21430"}],"curies":[{"name":"wp","href":"https:\/\/api.w.org\/{rel}","templated":true}]}}