{"id":214,"date":"2013-05-13T14:21:28","date_gmt":"2013-05-13T12:21:28","guid":{"rendered":"http:\/\/www.monicamontella.it\/wordpress\/?page_id=214"},"modified":"2024-09-24T17:13:52","modified_gmt":"2024-09-24T15:13:52","slug":"smart-city","status":"publish","type":"page","link":"https:\/\/www.monicamontella.it\/wordpress\/chi-siamo-2\/impegni\/smart-city\/","title":{"rendered":"Attivit\u00e0 per promuovere politicamente le Smart cities"},"content":{"rendered":"<h2 class=\"entry-title\"><span style=\"color: #0000ff;\"><strong><a style=\"color: #0000ff;\" href=\"http:\/\/www.monicamontella.it\/wordpress\/2014\/05\/16\/smart-city-manca-la-volonta-o-la-capacita-politica-per-realizzarla\/\" target=\"_blank\" rel=\"noopener\">Smart city: manca la volont\u00e0 o la capacit\u00e0 politica per realizzarla?<\/a><\/strong><\/span><\/h2>\n<p>Il concetto di <strong>smart city<\/strong> \u00e8 ancora in evoluzione, ma rappresenta un modello di citt\u00e0 che, attraverso l&#8217;uso intelligente delle tecnologie e della partecipazione attiva dei cittadini, mira a risolvere problemi sociali e promuovere lo sviluppo sostenibile e inclusivo. La <strong>citt\u00e0 intelligente<\/strong> deve trasformare i dati raccolti quotidianamente in risorse utili per migliorare la vita dei cittadini e stimolare l&#8217;innovazione.<\/p>\n<p>Ecco i punti fondamentali per la costruzione di una smart city, come da me delineati:<\/p>\n<ol>\n<li><strong>Accesso diffuso a Internet<\/strong>: Garantire la connettivit\u00e0 in ogni area della citt\u00e0, inclusi i territori pi\u00f9 periferici e le diverse fasce sociali, \u00e8 essenziale per la partecipazione attiva di tutti i cittadini.<\/li>\n<li><strong>Partecipazione dei cittadini<\/strong>: Il coinvolgimento attivo dei cittadini nella raccolta, gestione e analisi dei dati \u00e8 necessario per monitorare i progressi reali della citt\u00e0. Questo permette anche una maggiore trasparenza nei processi decisionali e di sviluppo.<\/li>\n<li><strong>Collegamento internazionale<\/strong>: Le smart city non devono essere isolate, ma devono fare parte di una rete globale in cui la condivisione della conoscenza e delle esperienze stimola l&#8217;innovazione continua.<\/li>\n<li><strong>Collaborazione tra attori economici<\/strong>: Imprese, istituzioni e cittadini sono i protagonisti della creazione e gestione di una smart city. Il lavoro congiunto di questi attori, sostenuto da soluzioni informatiche, permette di affrontare in modo efficiente le sfide urbane.<\/li>\n<li><strong>Cooperazione pubblico-privato<\/strong>: Favorire una collaborazione equilibrata ed efficiente tra il settore pubblico e quello privato \u00e8 cruciale. Gli investimenti devono essere monitorati attentamente per garantire che le risorse siano utilizzate in modo ottimale.<\/li>\n<li><strong>Strumenti tecnologici e finanziari innovativi<\/strong>: Per sostenere il processo di trasformazione, \u00e8 necessario adottare strumenti finanziari innovativi, come il <em>Pay for Success Bond<\/em>, che permette di raccogliere investimenti privati a sostegno di progetti pubblici.<\/li>\n<li><strong>Piattaforma unica e condivisa<\/strong>: Una piattaforma centrale di sistemi informativi condivisi \u00e8 essenziale per monitorare e valutare l&#8217;efficacia delle politiche e delle azioni messe in atto dalle comunit\u00e0 intelligenti.<\/li>\n<li><strong>Roadmap strategica italiana<\/strong>: Creare una roadmap condivisa per le smart city su cui le imprese e le istituzioni possano investire, con il contributo attivo dei cittadini, \u00e8 fondamentale per sviluppare progetti su misura delle esigenze del territorio.<\/li>\n<li><strong>Smart citizen<\/strong>: Il successo delle smart city dipende in gran parte dalla partecipazione attiva dei cittadini attraverso la rete. I <em>smart citizen<\/em> sono coloro che utilizzano la tecnologia per incidere direttamente sulle decisioni di governo della citt\u00e0, stimolandone l&#8217;innovazione.<\/li>\n<\/ol>\n<p>Promuovere questa visione di citt\u00e0 intelligente non solo permette di affrontare le sfide urbane in modo pi\u00f9 efficiente, ma contribuisce anche alla creazione di un&#8217;economia basata sul capitale umano, stimolando talenti, creativit\u00e0 e innovazione.<\/p>\n<h3 style=\"text-align: left;\" align=\"JUSTIFY\"><span style=\"font-family: Times New Roman,serif;\">Con la nuova legge sull&#8217;agenda digitale si inizia e si spera in una nuova fase delle <strong><span style=\"color: #0000ff;\"><a style=\"color: #0000ff;\" href=\"http:\/\/www.monicamontella.it\/wordpress\/?p=194\">smart city<\/a><\/span><\/strong>. La citt\u00e0 intelligente \u00e8 un fenomeno che non si pu\u00f2 ancora descrivere e perimetrare perch\u00e8 ancora non sono state realizzate. Infatti definire oggi una smart city \u00e8 quasi arbitrario per\u00f2 possiamo dire che il Governo ha gi\u00e0 speso ad oggi circa un miliardo di euro (come ha affermato Mario Calderini alla <a href=\"https:\/\/www.istat.it\/it\/archivio\/81744\"><span style=\"color: #0000ff;\"><strong><span style=\"color: #0000ff;\">XI Conferenza Nazionale di Statistica<\/span><\/strong><\/span><\/a>) e quindi adesso bisogna rendere operativa questa comunit\u00e0 intelligente. <\/span><\/h3>\n","protected":false},"excerpt":{"rendered":"<p>Smart city: manca la volont\u00e0 o la capacit\u00e0 politica per realizzarla? Il concetto di smart city \u00e8 ancora in evoluzione, ma rappresenta un modello di citt\u00e0 che, attraverso l&#8217;uso intelligente delle tecnologie e della partecipazione attiva dei cittadini, mira a risolvere problemi sociali e promuovere lo sviluppo sostenibile e inclusivo. La citt\u00e0 intelligente deve trasformare [&hellip;]<\/p>\n","protected":false},"author":2,"featured_media":0,"parent":44,"menu_order":0,"comment_status":"open","ping_status":"open","template":"","meta":{"footnotes":""},"class_list":["post-214","page","type-page","status-publish","hentry"],"_links":{"self":[{"href":"https:\/\/www.monicamontella.it\/wordpress\/wp-json\/wp\/v2\/pages\/214","targetHints":{"allow":["GET"]}}],"collection":[{"href":"https:\/\/www.monicamontella.it\/wordpress\/wp-json\/wp\/v2\/pages"}],"about":[{"href":"https:\/\/www.monicamontella.it\/wordpress\/wp-json\/wp\/v2\/types\/page"}],"author":[{"embeddable":true,"href":"https:\/\/www.monicamontella.it\/wordpress\/wp-json\/wp\/v2\/users\/2"}],"replies":[{"embeddable":true,"href":"https:\/\/www.monicamontella.it\/wordpress\/wp-json\/wp\/v2\/comments?post=214"}],"version-history":[{"count":7,"href":"https:\/\/www.monicamontella.it\/wordpress\/wp-json\/wp\/v2\/pages\/214\/revisions"}],"predecessor-version":[{"id":20258,"href":"https:\/\/www.monicamontella.it\/wordpress\/wp-json\/wp\/v2\/pages\/214\/revisions\/20258"}],"up":[{"embeddable":true,"href":"https:\/\/www.monicamontella.it\/wordpress\/wp-json\/wp\/v2\/pages\/44"}],"wp:attachment":[{"href":"https:\/\/www.monicamontella.it\/wordpress\/wp-json\/wp\/v2\/media?parent=214"}],"curies":[{"name":"wp","href":"https:\/\/api.w.org\/{rel}","templated":true}]}}